{"id":3215,"date":"2024-10-31T13:45:24","date_gmt":"2024-10-31T12:45:24","guid":{"rendered":"https:\/\/www.junglepark.sk\/produkt\/childrens-party-reservation\/"},"modified":"2025-07-03T18:55:50","modified_gmt":"2025-07-03T16:55:50","slug":"childrens-party-reservation","status":"publish","type":"product","link":"https:\/\/www.junglepark.sk\/en\/produkt\/childrens-party-reservation\/","title":{"rendered":"Children&#8217;s party &#8211; reservation"},"content":{"rendered":"<h2>Celebration without worries<\/h2>\n<p>We will prepare a turnkey celebration for you &#8211; from decoration to refreshments. You just bring the cake and we&#8217;ll take care of everything else. <\/p>\n<h2>Attractions that children love<\/h2>\n<p>Children have 3 hours of free movement on slides, trampolines, fitloptova arena, softshooter arena, interactive games , or in the baby zone. New is a huge outdoor Jump Park! <\/p>\n<h2>Celebrations for classmates and family celebrations<\/h2>\n<p>You can invite your classmates , family or friends and have a fantastic celebration to remember.<\/p>\n<h2>Safely and comfortably<\/h2>\n<p>Attractions are certified, children only need 1-2 adult supervision. In summer you will be delighted with the new air-conditioned interior. <\/p>\n","protected":false},"excerpt":{"rendered":"<p>An unforgettable birthday party for children from 2 to 11 years old in the unique setting of Jungle Park! Children will have fun, parents will relax &#8211; all without worries. <\/p>\n<ul>\n<li>Gift for the birthday boy<\/li>\n<li>Decoration and party table without worries<\/li>\n<li>Refreshments and children&#8217;s champagne included<\/li>\n<li>All-weather fun &#8211; indoor and new outdoor Jump Park<\/li>\n<\/ul>\n","protected":false},"featured_media":3201,"comment_status":"closed","ping_status":"closed","template":"","meta":{"_acf_changed":false},"product_brand":[],"product_cat":[],"product_tag":[],"giftcard-category":[],"class_list":{"0":"post-3215","1":"product","2":"type-product","3":"status-publish","4":"has-post-thumbnail","6":"wcpa_has_options","8":"first","9":"instock","10":"virtual","11":"sold-individually","12":"taxable","13":"purchasable","14":"product-type-booking"},"acf":[],"wcpa_form_fields":{"wcpaData":{"product":{"product_price":80,"price_html":"<span class=\"woocommerce-Price-amount amount\"><bdi>80,00&nbsp;<span class=\"woocommerce-Price-currencySymbol\">&euro;<\/span><\/bdi><\/span> <small class=\"woocommerce-price-suffix\">VAT<\/small>","original_product_price":80,"price_including_tax":80,"price_excluding_tax":65.040649999999999408828443847596645355224609375,"product_id":{"parent":3215,"variation":false},"is_variable":false,"stock_status":"instock","stock_quantity":null,"parent_sku":"","product_attributes":{"poznamka":{"is_variation":false,"values":["Detsk\u00e1 oslava - vy\u00fa\u010dtovanie k prijatej platbe"]}},"custom_fields":[],"is_taxable":true,"product_name":"Children's party - reservation","hasImage":false},"fields":{"sec_56729d1b11566d":{"extra":{"key":"sec_56729d1b11566d","section_id":"sec_56729d1b11566d","name":"Default","status":1,"cl_rule":"show","enableCl":false,"relations":[],"toggle":true,"title_tag":"h3","show_title":false,"showPrice":"default","form_id":3306,"form_rules":{"exclude_from_discount":false,"fee_label":"Fee","disp_hide_options_price":false,"disp_show_section_price":false,"disp_show_field_price":true,"layout_option":"standard","pric_use_as_fee":false,"process_fee_as":"woo_fee"},"layout_option":"standard"},"fields":[[{"active":true,"col":6,"relations":false,"cl_rule":"show","enableCl":false,"price":"","enablePrice":false,"className":"","label_position":"default","desc_position":"default","type":"text","subtype":"text","required":false,"elementId":"text_5415150579","label":"Age of the celebrant","name":"text_5415150579","value":"","error":false,"gt_translate_keys":["label","value"],"price_dependency":false,"cl_dependency":false}],[{"active":true,"col":6,"relations":false,"cl_rule":"show","enableCl":false,"price":"","enablePrice":false,"className":"","label_position":"default","desc_position":"default","type":"radio-group","required":false,"elementId":"radio_5286320127","label":"","name":"radio_5286320127","values":[{"label":"Boy","value":"Option - 2","selected":false,"tempId":"aco_222","gt_translate_keys":["label"]},{"label":"Girl","value":"Option - 1","selected":false,"tempId":"aco_221","gt_translate_keys":["label"]},{"label":"I don't want to state","value":"Option - 3","selected":false,"tempId":"aco_223","gt_translate_keys":["label"]}],"layOut":"inline","error":false,"checkUi":"","gt_translate_keys":["label"],"price_dependency":false,"cl_dependency":false,"value":""}],[{"active":true,"col":6,"relations":false,"cl_rule":"show","enableCl":false,"price":"","enablePrice":false,"className":"","label_position":"default","desc_position":"default","type":"textarea","required":false,"elementId":"textarea_7940036891","label":"Note","name":"textarea_7940036891","value":"","rows":2,"error":false,"placeholder":"Write us your special wishes, requests...","gt_translate_keys":["label","placeholder","value"],"price_dependency":false,"cl_dependency":false}]]}},"config":{"price_override":"","enable_recaptcha":false,"bind_quantity":false,"quantity_bind_formula":false,"disp_summ_show_option_price":true,"disp_summ_show_product_price":true,"disp_summ_show_total_price":true,"disp_summ_show_fee":false,"disp_summ_show_discount":false,"summary_title":"","options_total_label":"Options price","total_label":"Total","options_product_label":"Product price","fee_label":"Fee","discount_label":"Discount","has_price":true,"has_quantity_formula":false},"mc_unit":1,"tax_rate":1,"tax_rate_real":0.2300000000000000099920072216264088638126850128173828125,"discount":{"percentage":0,"fixed":0},"design":{"conf":{"LabelPosition":"above","DescPosition":"above","UploadField":"custom_1","QuantityFieldStyle":"default"},"css":{"LeftLabelWidth":"120px"}},"formulas":[],"lookuptables":[],"clones":false,"cartKey":false}},"_links":{"self":[{"href":"https:\/\/www.junglepark.sk\/en\/wp-json\/wp\/v2\/product\/3215","targetHints":{"allow":["GET"]}}],"collection":[{"href":"https:\/\/www.junglepark.sk\/en\/wp-json\/wp\/v2\/product"}],"about":[{"href":"https:\/\/www.junglepark.sk\/en\/wp-json\/wp\/v2\/types\/product"}],"replies":[{"embeddable":true,"href":"https:\/\/www.junglepark.sk\/en\/wp-json\/wp\/v2\/comments?post=3215"}],"wp:featuredmedia":[{"embeddable":true,"href":"https:\/\/www.junglepark.sk\/en\/wp-json\/wp\/v2\/media\/3201"}],"wp:attachment":[{"href":"https:\/\/www.junglepark.sk\/en\/wp-json\/wp\/v2\/media?parent=3215"}],"wp:term":[{"taxonomy":"product_brand","embeddable":true,"href":"https:\/\/www.junglepark.sk\/en\/wp-json\/wp\/v2\/product_brand?post=3215"},{"taxonomy":"product_cat","embeddable":true,"href":"https:\/\/www.junglepark.sk\/en\/wp-json\/wp\/v2\/product_cat?post=3215"},{"taxonomy":"product_tag","embeddable":true,"href":"https:\/\/www.junglepark.sk\/en\/wp-json\/wp\/v2\/product_tag?post=3215"},{"taxonomy":"giftcard-category","embeddable":true,"href":"https:\/\/www.junglepark.sk\/en\/wp-json\/wp\/v2\/giftcard-category?post=3215"}],"curies":[{"name":"wp","href":"https:\/\/api.w.org\/{rel}","templated":true}]}}